{"id":861,"date":"2024-02-06T16:29:16","date_gmt":"2024-02-06T15:29:16","guid":{"rendered":"https:\/\/plynovevyvijacepary.sk\/kolacici\/"},"modified":"2025-12-09T11:32:12","modified_gmt":"2025-12-09T10:32:12","slug":"kolacici","status":"publish","type":"page","link":"https:\/\/plynovevyvijacepary.sk\/hr\/kolacici\/","title":{"rendered":"Kola\u010di\u0107i"},"content":{"rendered":"[vc_row type=&#8221;full_width_background&#8221; full_screen_row_position=&#8221;middle&#8221; column_margin=&#8221;none&#8221; column_direction=&#8221;default&#8221; column_direction_tablet=&#8221;default&#8221; column_direction_phone=&#8221;default&#8221; bg_color=&#8221;#001d3a&#8221; animated_gradient_bg=&#8221;true&#8221; animated_gradient_bg_color_1=&#8221;#000000&#8243; animated_gradient_bg_color_2=&#8221;#2c3c51&#8243; animated_gradient_bg_speed=&#8221;1300&#8243; animated_gradient_bg_blending_mode=&#8221;organic&#8221; scene_position=&#8221;center&#8221; top_padding=&#8221;11%&#8221; bottom_padding=&#8221;8%&#8221; top_padding_phone=&#8221;6vh&#8221; bottom_padding_phone=&#8221;6vh&#8221; text_color=&#8221;custom&#8221; text_align=&#8221;left&#8221; row_border_radius=&#8221;none&#8221; row_border_radius_applies=&#8221;bg&#8221; overflow=&#8221;visible&#8221; overlay_strength=&#8221;0.3&#8243; gradient_direction=&#8221;left_to_right&#8221; enable_shape_divider=&#8221;true&#8221; shape_divider_position=&#8221;bottom&#8221; shape_divider_height=&#8221;33%&#8221; bg_image_animation=&#8221;none&#8221; shape_type=&#8221;straight_section&#8221; gradient_type=&#8221;default&#8221;][vc_column column_padding=&#8221;no-extra-padding&#8221; column_padding_tablet=&#8221;inherit&#8221; column_padding_phone=&#8221;inherit&#8221; column_padding_position=&#8221;top-bottom&#8221; column_element_direction_desktop=&#8221;default&#8221; column_element_spacing=&#8221;0px&#8221; desktop_text_alignment=&#8221;default&#8221; tablet_text_alignment=&#8221;default&#8221; phone_text_alignment=&#8221;default&#8221; background_color_opacity=&#8221;1&#8243; background_hover_color_opacity=&#8221;1&#8243; column_backdrop_filter=&#8221;none&#8221; column_shadow=&#8221;none&#8221; column_border_radius=&#8221;none&#8221; column_link_target=&#8221;_self&#8221; column_position=&#8221;default&#8221; gradient_direction=&#8221;radial&#8221; overlay_strength=&#8221;0.3&#8243; width=&#8221;1\/1&#8243; tablet_width_inherit=&#8221;default&#8221; animation_type=&#8221;default&#8221; bg_image_animation=&#8221;none&#8221; border_type=&#8221;simple&#8221; column_border_width=&#8221;none&#8221; column_border_style=&#8221;solid&#8221;][vc_row_inner column_margin=&#8221;default&#8221; column_direction=&#8221;default&#8221; column_direction_tablet=&#8221;default&#8221; column_direction_phone=&#8221;default&#8221; bottom_padding=&#8221;35&#8243; constrain_group_2=&#8221;yes&#8221; text_align=&#8221;left&#8221; row_position=&#8221;default&#8221; row_position_tablet=&#8221;inherit&#8221; row_position_phone=&#8221;inherit&#8221; overflow=&#8221;visible&#8221; pointer_events=&#8221;all&#8221;][vc_column_inner column_padding=&#8221;no-extra-padding&#8221; column_padding_tablet=&#8221;inherit&#8221; column_padding_phone=&#8221;inherit&#8221; column_padding_position=&#8221;all&#8221; column_element_direction_desktop=&#8221;default&#8221; column_element_spacing=&#8221;0px&#8221; centered_text=&#8221;true&#8221; desktop_text_alignment=&#8221;default&#8221; tablet_text_alignment=&#8221;default&#8221; phone_text_alignment=&#8221;default&#8221; background_color_opacity=&#8221;1&#8243; background_hover_color_opacity=&#8221;1&#8243; column_backdrop_filter=&#8221;none&#8221; column_shadow=&#8221;none&#8221; column_border_radius=&#8221;none&#8221; column_link_target=&#8221;_self&#8221; overflow=&#8221;visible&#8221; gradient_direction=&#8221;left_to_right&#8221; overlay_strength=&#8221;0.3&#8243; width=&#8221;1\/1&#8243; tablet_width_inherit=&#8221;default&#8221; animation_type=&#8221;default&#8221; bg_image_animation=&#8221;none&#8221; border_type=&#8221;simple&#8221; column_border_width=&#8221;none&#8221; column_border_style=&#8221;solid&#8221;][split_line_heading animation_type=&#8221;line-reveal-by-space&#8221; font_style=&#8221;h1&#8243; text_color=&#8221;#ffffff&#8221; line_reveal_by_space_text_effect=&#8221;default&#8221; content_alignment=&#8221;default&#8221; mobile_content_alignment=&#8221;inherit&#8221; link_target=&#8221;_self&#8221; text_content=&#8221;KOLA\u010cI\u0106I&#8221; text_direction=&#8221;default&#8221; font_size=&#8221;8vh&#8221;][\/split_line_heading][\/vc_column_inner][\/vc_row_inner][vc_row_inner column_margin=&#8221;default&#8221; column_direction=&#8221;default&#8221; column_direction_tablet=&#8221;default&#8221; column_direction_phone=&#8221;default&#8221; text_align=&#8221;left&#8221; row_position=&#8221;default&#8221; row_position_tablet=&#8221;inherit&#8221; row_position_phone=&#8221;inherit&#8221; overflow=&#8221;visible&#8221; pointer_events=&#8221;all&#8221;][vc_column_inner column_padding=&#8221;padding-2-percent&#8221; column_padding_tablet=&#8221;inherit&#8221; column_padding_phone=&#8221;inherit&#8221; column_padding_position=&#8221;all&#8221; column_element_direction_desktop=&#8221;default&#8221; column_element_spacing=&#8221;0px&#8221; desktop_text_alignment=&#8221;default&#8221; tablet_text_alignment=&#8221;default&#8221; phone_text_alignment=&#8221;default&#8221; background_color_opacity=&#8221;1&#8243; background_hover_color_opacity=&#8221;1&#8243; background_image=&#8221;497&#8243; background_image_position=&#8221;center center&#8221; background_image_stacking=&#8221;default&#8221; enable_bg_scale=&#8221;true&#8221; background_image_loading=&#8221;default&#8221; column_backdrop_filter=&#8221;none&#8221; column_shadow=&#8221;medium_depth&#8221; column_border_radius=&#8221;10px&#8221; column_link_target=&#8221;_self&#8221; overflow=&#8221;visible&#8221; gradient_direction=&#8221;left_to_right&#8221; overlay_strength=&#8221;0.3&#8243; width=&#8221;1\/1&#8243; tablet_width_inherit=&#8221;default&#8221; animation_type=&#8221;default&#8221; enable_animation=&#8221;true&#8221; animation=&#8221;fade-in-from-bottom&#8221; animation_easing=&#8221;default&#8221; bg_image_animation=&#8221;none&#8221; parallax_bg=&#8221;true&#8221; parallax_bg_speed=&#8221;fast&#8221; border_type=&#8221;simple&#8221; column_border_width=&#8221;none&#8221; column_border_style=&#8221;solid&#8221; column_padding_type=&#8221;default&#8221; gradient_type=&#8221;default&#8221;][divider line_type=&#8221;No Line&#8221; custom_height=&#8221;45vh&#8221; custom_height_tablet=&#8221;50vh&#8221; custom_height_phone=&#8221;40vh&#8221;][\/vc_column_inner][\/vc_row_inner][\/vc_column][\/vc_row][vc_row type=&#8221;full_width_background&#8221; full_screen_row_position=&#8221;middle&#8221; column_margin=&#8221;default&#8221; column_direction=&#8221;default&#8221; column_direction_tablet=&#8221;default&#8221; column_direction_phone=&#8221;default&#8221; scene_position=&#8221;center&#8221; bottom_padding=&#8221;5%&#8221; bottom_padding_phone=&#8221;5vh&#8221; text_color=&#8221;dark&#8221; text_align=&#8221;left&#8221; row_border_radius=&#8221;none&#8221; row_border_radius_applies=&#8221;bg&#8221; overflow=&#8221;visible&#8221; overlay_strength=&#8221;1&#8243; gradient_direction=&#8221;left_to_right&#8221; shape_divider_position=&#8221;bottom&#8221; bg_image_animation=&#8221;none&#8221; shape_type=&#8221;&#8221; gradient_type=&#8221;default&#8221;][vc_column column_padding=&#8221;no-extra-padding&#8221; column_padding_tablet=&#8221;inherit&#8221; column_padding_phone=&#8221;inherit&#8221; column_padding_position=&#8221;all&#8221; column_element_direction_desktop=&#8221;default&#8221; column_element_spacing=&#8221;default&#8221; desktop_text_alignment=&#8221;default&#8221; tablet_text_alignment=&#8221;default&#8221; phone_text_alignment=&#8221;left&#8221; background_color_opacity=&#8221;1&#8243; background_hover_color_opacity=&#8221;1&#8243; column_backdrop_filter=&#8221;none&#8221; column_shadow=&#8221;none&#8221; column_border_radius=&#8221;none&#8221; column_link_target=&#8221;_self&#8221; column_position=&#8221;default&#8221; gradient_direction=&#8221;left_to_right&#8221; overlay_strength=&#8221;0.3&#8243; width=&#8221;1\/1&#8243; tablet_width_inherit=&#8221;default&#8221; animation_type=&#8221;default&#8221; enable_animation=&#8221;true&#8221; animation=&#8221;fade-in-from-bottom&#8221; animation_easing=&#8221;default&#8221; bg_image_animation=&#8221;none&#8221; border_type=&#8221;simple&#8221; column_border_width=&#8221;none&#8221; column_border_style=&#8221;solid&#8221; column_padding_type=&#8221;default&#8221; gradient_type=&#8221;default&#8221;][vc_column_text text_direction=&#8221;default&#8221;]Za obradu osobnih podataka u svrhu obrade kola\u010di\u0107a primjenjuju se gore navedene op\u0107e informacije o obradi osobnih podataka, kao i:<\/p>\n<p>1. Svrhe obrade osobnih podataka: na primjer: pru\u017eanje usluga, personalizacija oglasa, analiza prometa, Google Analytics (Google Ireland Limited., Gordon House, Barrow Street, Dublin 4, Irska). Kola\u010di\u0107i su male koli\u010dine podataka koje poslu\u017eitelji \u0161alju pregledniku. Preglednik ih pohranjuje na ra\u010dunalu korisnika. Sa svakim sljede\u0107im posjetom web-mjestu, preglednik zatim \u0161alje te podatke natrag poslu\u017eitelju.   <\/p>\n<p>2. Pravna osnova za obradu osobnih podataka: \u010dlanak 6(1)(a) GDPR-a \u2013 ispitanik je pristao na obradu svojih osobnih podataka u jednu ili vi\u0161e odre\u0111enih svrha  <\/p>\n<p>3. Razdoblje \u010duvanja osobnih podataka \u2013 Kola\u010di\u0107i koji se koriste na na\u0161oj web stranici mogu se podijeliti u dvije osnovne vrste s obzirom na njihovu trajnost. Kratkoro\u010dni tzv. \u201esesijski kola\u010di\u0107i\u201c, koji su samo privremeni i ostaju pohranjeni u va\u0161em pregledniku samo dok ne zatvorite preglednik, i dugoro\u010dni tzv. \u201etrajni kola\u010di\u0107i\u201c, koji ostaju pohranjeni na va\u0161em ure\u0111aju dulje vrijeme ili dok ih ru\u010dno ne izbri\u0161ete, dok trajanje \u010duvanja kola\u010di\u0107a na va\u0161em ure\u0111aju ovisi o postavkama samog kola\u010di\u0107a i postavkama va\u0161eg preglednika.   <\/p>\n<p>4. Pru\u017eanje osobnih podataka je potrebno za postizanje svrhe.<\/p>\n<p>Uvjeti i na\u010din obrade osobnih podataka ispitanika Operater obra\u0111uje osobne podatke ispitanika u svojim informacijskim sustavima automatiziranim i neautomatiziranim sredstvima obrade. Operater ne objavljuje obra\u0111ene osobne podatke, osim u slu\u010dajevima kada je to propisano posebnim pravnim propisom ili odlukom suda ili drugog dr\u017eavnog tijela. Operater ne\u0107e obra\u0111ivati \u200b\u200bva\u0161e osobne podatke bez va\u0161eg izri\u010ditog pristanka ili druge pravne osnove u bilo koju drugu svrhu, niti u ve\u0107em opsegu od navedenog u ovim informacijama i registracijskim listovima u pojedina\u010dnim informacijskim sustavima operatera.  <\/p>\n<p>Automatizirano individualno dono\u0161enje odluka, uklju\u010duju\u0107i profiliranje Kola\u010di\u0107i<\/p>\n<p>Operater koristi analiti\u010dki alat za pra\u0107enje svojih web stranica koji priprema lanac podataka i prati kako posjetitelji koriste stranice na internetu. Kada netko pregledava stranicu, sustav generira kola\u010di\u0107e za bilje\u017eenje informacija povezanih s posjetom (posje\u0107ene stranice, vrijeme provedeno na na\u0161oj stranici, podaci o pregledavanju, napu\u0161tanje stranice itd.), ali ti podaci mo\u017eda ne\u0107e biti povezani s osobom posjetitelja. Ovaj alat je alat za pobolj\u0161anje ergonomskog dizajna web stranice, za stvaranje web stranice prilago\u0111ene korisniku i za pobolj\u0161anje online iskustva posjetitelja. Ve\u0107ina internetskih preglednika prihva\u0107a kola\u010di\u0107e, ali posjetitelji imaju mogu\u0107nost izbrisati ih ili ih automatski odbiti. Budu\u0107i da je svaki preglednik druga\u010diji, posjetitelji mogu pojedina\u010dno postaviti svoje postavke u vezi s kola\u010di\u0107ima pomo\u0107u alatne trake preglednika. Ako odlu\u010dite ne prihvatiti kola\u010di\u0107e, ne\u0107ete mo\u0107i koristiti neke funkcije na na\u0161oj web stranici.     <\/p>\n<h4>Vrsta kola\u010di\u0107a Upotreba Valjanost kola\u010di\u0107a<\/h4>\n<p><strong>Apsolutno neophodno\/esencijalno<\/strong><\/p>\n<ul>\n<li>za najva\u017enije funkcije potrebne\/bitne za web stranicu, omogu\u0107uju\u0107i ispravno funkcioniranje web stranice<\/li>\n<li>pamti va\u0161e korisni\u010dko ime, \u0161to \u0107e vam omogu\u0107iti brzu prijavu sljede\u0107i put kada posjetite stranicu<\/li>\n<li>ovi kola\u010di\u0107i ne prikupljaju nikakve podatke o vama koji bi se mogli koristiti u marketin\u0161ke svrhe<\/li>\n<li>valjanost 1 godina<\/li>\n<\/ul>\n<p><strong>Funkcionalno<\/strong><\/p>\n<ul>\n<li>koriste se za pobolj\u0161anje usluge za korisnika, prilagodbu korisni\u010dkog su\u010delja<\/li>\n<li>informacije o preferencijama bilje\u017ee se na temelju odabira sadr\u017eaja<\/li>\n<li>Kola\u010di\u0107i mogu pamtiti artikle koje ste stavili u ko\u0161aricu ili pogre\u0161ke na koje ste nai\u0161li.<\/li>\n<li>izbrisano nakon napu\u0161tanja web stranice<\/li>\n<\/ul>\n<p><strong>Kola\u010di\u0107i za performanse i kola\u010di\u0107i za ciljanje \u2013 analiti\u010dki kola\u010di\u0107i<\/strong><\/p>\n<ul>\n<li>Alati za analitiku tre\u0107ih strana (Google Analytics) koriste se za pobolj\u0161anje kvalitete<\/li>\n<li>kola\u010di\u0107i za analizu sadr\u017eaja za posjetitelje web stranice<\/li>\n<li>prikupljaju se statisti\u010dki podaci kao \u0161to su broj posjeta web stranici, pregledi stranica i poveznice na na\u0161u web stranicu te broj posjeta<\/li>\n<li>pomo\u0107i u razumijevanju pona\u0161anja posjetitelja web stranice<\/li>\n<li>Kola\u010di\u0107i se koriste za pobolj\u0161anje performansi web stranice.<\/li>\n<li>ovi kola\u010di\u0107i ne prikupljaju nikakve podatke za utvr\u0111ivanje va\u0161eg identiteta<\/li>\n<li>su anonimni<\/li>\n<li>automatski se bri\u0161e nakon 2 godine od posljednjeg posjeta web stranici<\/li>\n<\/ul>\n<p><strong>Dijeljenje na \u2013 kori\u0161tenje dru\u0161tvenih mre\u017ea<\/strong><\/p>\n<ul>\n<li>kori\u0161tenje dru\u0161tvenih mre\u017ea tre\u0107ih strana koje vam omogu\u0107uju dijeljenje sadr\u017eaja na dru\u0161tvenim mre\u017eama s na\u0161e stranice,<\/li>\n<li>koriste\u0107i gumbe &#8220;svi\u0111a mi se&#8221; i &#8220;dijeli&#8221; od pro\u0161log<\/li>\n<li>kola\u010di\u0107i su potrebni kako bi kori\u0161tenje njihovih usluga bilo jednostavnije<\/li>\n<li>bilje\u017eiti podatke o va\u0161oj aktivnosti na internetu i na web-stranicama koje koristite<\/li>\n<li>automatski se bri\u0161e nakon 2 godine od posljednjeg posjeta web stranici<\/li>\n<\/ul>\n<p><strong>Visokokvalitetni prikaz<\/strong><\/p>\n<ul>\n<li>ugra\u0111eni kola\u010di\u0107i koji pobolj\u0161avaju performanse za br\u017ee u\u010ditavanje<\/li>\n<li>kompatibilnost sadr\u017eaja i pomo\u0107i<\/li>\n<li>izbrisano nakon zatvaranja preglednika<\/li>\n<\/ul>\n<p><strong>Vlasnik stranice prema zadanim postavkama stranice<\/strong><\/p>\n<ul>\n<li>mo\u017ee &#8220;\u010ditati&#8221; samo odre\u0111ena web stranica (broj posjetitelja stranice, odakle dolaze i koje dijelove stranice su posjetili)<\/li>\n<li>1 godina<\/li>\n<\/ul>\n<p>Operater koristi program za ogla\u0161avanje Google AdWords, putem kojeg ima mogu\u0107nost kreiranja online oglasa i dosezanja ljudi upravo kada su zainteresirani za proizvode i usluge koje operater pru\u017ea. Funkcije Remarketing ili Similaraudiences u AdWordsu omogu\u0107uju nam da dopremo do ljudi koji su prethodno posjetili va\u0161u web stranicu. Omogu\u0107uje prikazivanje oglasa u pretra\u017eivanju, na YouTubeu i u e-porukama. Dinami\u010dki remarketing omogu\u0107uje korisnicima prikazivanje oglasa za proizvode ili usluge koje su prethodno pregledali. Kola\u010di\u0107e koji pru\u017eaju kodove za remarketing posjetitelji web stranice mogu onemogu\u0107iti odgovaraju\u0107im postavkama preglednika. Operatera je mogu\u0107e kontaktirati i putem Facebooka. Svrha upravljanja podacima je dijeljenje sadr\u017eaja web stranica operatera i prezentacije operatera. Gosti mogu saznati novosti, aktualne posebne ponude operatera putem Facebook stranice, a tako\u0111er mogu pregledavati fotografije s odabranih narud\u017ebi operatera. Klikom na &#8220;svi\u0111a mi se&#8221; na Facebook stranici operatera, subjekti pristaju da operater mo\u017ee objavljivati \u200b\u200b\u200b\u200bsvoje novosti i ponude na njihovom Facebook zidu. Operater tako\u0111er objavljuje fotografije\/videozapise s raznih doga\u0111anja na svojoj Facebook stranici.         <\/p>\n<p>Operater objavljuje ove podatke fizi\u010dkih osoba samo ako je prethodno dobiven njihov pisani pristanak. Daljnje informacije o upravljanju podacima s Facebook stranice mo\u017eete prona\u0107i u priru\u010dniku i pravilima za za\u0161titu osobnih podataka na facebook.com. U svrhu prezentacije, operater ima i svoj profil na dru\u0161tvenoj mre\u017ei Instagram, gdje prikazuje fotografije s odabranih narud\u017ebi uz opis. Klikom na \u201eprati\u201c pristajete na prikaz fotografija koje objavljuje operater.   [\/vc_column_text][\/vc_column][\/vc_row]\n","protected":false},"excerpt":{"rendered":"<p>[vc_row type=&#8221;full_width_background&#8221; full_screen_row_position=&#8221;middle&#8221; column_margin=&#8221;none&#8221; column_direction=&#8221;default&#8221; column_direction_tablet=&#8221;default&#8221; column_direction_phone=&#8221;default&#8221; bg_color=&#8221;#001d3a&#8221; animated_gradient_bg=&#8221;true&#8221; animated_gradient_bg_color_1=&#8221;#000000&#8243; animated_gradient_bg_color_2=&#8221;#2c3c51&#8243; animated_gradient_bg_speed=&#8221;1300&#8243; animated_gradient_bg_blending_mode=&#8221;organic&#8221; scene_position=&#8221;center&#8221; top_padding=&#8221;11%&#8221; bottom_padding=&#8221;8%&#8221; top_padding_phone=&#8221;6vh&#8221; bottom_padding_phone=&#8221;6vh&#8221; text_color=&#8221;custom&#8221; text_align=&#8221;left&#8221; row_border_radius=&#8221;none&#8221; row_border_radius_applies=&#8221;bg&#8221; overflow=&#8221;visible&#8221; overlay_strength=&#8221;0.3&#8243; gradient_direction=&#8221;left_to_right&#8221; enable_shape_divider=&#8221;true&#8221; shape_divider_position=&#8221;bottom&#8221; shape_divider_height=&#8221;33%&#8221; bg_image_animation=&#8221;none&#8221; shape_type=&#8221;straight_section&#8221;&#8230;<\/p>\n","protected":false},"author":1,"featured_media":0,"parent":0,"menu_order":0,"comment_status":"closed","ping_status":"closed","template":"","meta":{"footnotes":""},"class_list":["post-861","page","type-page","status-publish"],"yoast_head":"<!-- This site is optimized with the Yoast SEO Premium plugin v21.9 (Yoast SEO v22.1) - https:\/\/yoast.com\/wordpress\/plugins\/seo\/ -->\n<title>Kola\u010di\u0107i | Plinski generatori pare | T KONFEX<\/title>\n<meta name=\"robots\" content=\"index, follow, max-snippet:-1, max-image-preview:large, max-video-preview:-1\" \/>\n<link rel=\"canonical\" href=\"https:\/\/plynovevyvijacepary.sk\/hr\/kolacici\/\" \/>\n<meta property=\"og:locale\" content=\"hr_HR\" \/>\n<meta property=\"og:type\" content=\"article\" \/>\n<meta property=\"og:title\" content=\"Kola\u010di\u0107i\" \/>\n<meta property=\"og:description\" content=\"[vc_row type=&#8221;full_width_background&#8221; full_screen_row_position=&#8221;middle&#8221; column_margin=&#8221;none&#8221; column_direction=&#8221;default&#8221; column_direction_tablet=&#8221;default&#8221; column_direction_phone=&#8221;default&#8221; bg_color=&#8221;#001d3a&#8221; animated_gradient_bg=&#8221;true&#8221; animated_gradient_bg_color_1=&#8221;#000000&#8243; animated_gradient_bg_color_2=&#8221;#2c3c51&#8243; animated_gradient_bg_speed=&#8221;1300&#8243; animated_gradient_bg_blending_mode=&#8221;organic&#8221; scene_position=&#8221;center&#8221; top_padding=&#8221;11%&#8221; bottom_padding=&#8221;8%&#8221; top_padding_phone=&#8221;6vh&#8221; bottom_padding_phone=&#8221;6vh&#8221; text_color=&#8221;custom&#8221; text_align=&#8221;left&#8221; row_border_radius=&#8221;none&#8221; row_border_radius_applies=&#8221;bg&#8221; overflow=&#8221;visible&#8221; overlay_strength=&#8221;0.3&#8243; gradient_direction=&#8221;left_to_right&#8221; enable_shape_divider=&#8221;true&#8221; shape_divider_position=&#8221;bottom&#8221; shape_divider_height=&#8221;33%&#8221; bg_image_animation=&#8221;none&#8221; shape_type=&#8221;straight_section&#8221;...\" \/>\n<meta property=\"og:url\" content=\"https:\/\/plynovevyvijacepary.sk\/hr\/kolacici\/\" \/>\n<meta property=\"og:site_name\" content=\"Plynov\u00e9 vyv\u00edja\u010de pary VEIT | GHIDINI | ANFRA | ALBA | STIGEN | COMEL\" \/>\n<meta property=\"article:modified_time\" content=\"2025-12-09T10:32:12+00:00\" \/>\n<meta name=\"twitter:card\" content=\"summary_large_image\" \/>\n<meta name=\"twitter:label1\" content=\"Procijenjeno vrijeme \u010ditanja\" \/>\n\t<meta name=\"twitter:data1\" content=\"9 minuta\" \/>\n<script type=\"application\/ld+json\" class=\"yoast-schema-graph\">{\"@context\":\"https:\/\/schema.org\",\"@graph\":[{\"@type\":\"WebPage\",\"@id\":\"https:\/\/plynovevyvijacepary.sk\/hr\/kolacici\/\",\"url\":\"https:\/\/plynovevyvijacepary.sk\/hr\/kolacici\/\",\"name\":\"Kola\u010di\u0107i | Plinski generatori pare | T KONFEX\",\"isPartOf\":{\"@id\":\"https:\/\/plynovevyvijacepary.sk\/hr\/#website\"},\"datePublished\":\"2024-02-06T15:29:16+00:00\",\"dateModified\":\"2025-12-09T10:32:12+00:00\",\"breadcrumb\":{\"@id\":\"https:\/\/plynovevyvijacepary.sk\/hr\/kolacici\/#breadcrumb\"},\"inLanguage\":\"hr\",\"potentialAction\":[{\"@type\":\"ReadAction\",\"target\":[\"https:\/\/plynovevyvijacepary.sk\/hr\/kolacici\/\"]}]},{\"@type\":\"BreadcrumbList\",\"@id\":\"https:\/\/plynovevyvijacepary.sk\/hr\/kolacici\/#breadcrumb\",\"itemListElement\":[{\"@type\":\"ListItem\",\"position\":1,\"name\":\"Domovsk\u00e1 str\u00e1nka\",\"item\":\"https:\/\/plynovevyvijacepary.sk\/hr\/uvod\/\"},{\"@type\":\"ListItem\",\"position\":2,\"name\":\"Kola\u010di\u0107i\"}]},{\"@type\":\"WebSite\",\"@id\":\"https:\/\/plynovevyvijacepary.sk\/hr\/#website\",\"url\":\"https:\/\/plynovevyvijacepary.sk\/hr\/\",\"name\":\"Plynov\u00e9 vyv\u00edja\u010de pary VEIT | GHIDINI | ANFRA | ALBA | STIGEN | COMEL\",\"description\":\"\",\"potentialAction\":[{\"@type\":\"SearchAction\",\"target\":{\"@type\":\"EntryPoint\",\"urlTemplate\":\"https:\/\/plynovevyvijacepary.sk\/hr\/?s={search_term_string}\"},\"query-input\":\"required name=search_term_string\"}],\"inLanguage\":\"hr\"}]}<\/script>\n<!-- \/ Yoast SEO Premium plugin. -->","yoast_head_json":{"title":"Kola\u010di\u0107i | Plinski generatori pare | T KONFEX","robots":{"index":"index","follow":"follow","max-snippet":"max-snippet:-1","max-image-preview":"max-image-preview:large","max-video-preview":"max-video-preview:-1"},"canonical":"https:\/\/plynovevyvijacepary.sk\/hr\/kolacici\/","og_locale":"hr_HR","og_type":"article","og_title":"Kola\u010di\u0107i","og_description":"[vc_row type=&#8221;full_width_background&#8221; full_screen_row_position=&#8221;middle&#8221; column_margin=&#8221;none&#8221; column_direction=&#8221;default&#8221; column_direction_tablet=&#8221;default&#8221; column_direction_phone=&#8221;default&#8221; bg_color=&#8221;#001d3a&#8221; animated_gradient_bg=&#8221;true&#8221; animated_gradient_bg_color_1=&#8221;#000000&#8243; animated_gradient_bg_color_2=&#8221;#2c3c51&#8243; animated_gradient_bg_speed=&#8221;1300&#8243; animated_gradient_bg_blending_mode=&#8221;organic&#8221; scene_position=&#8221;center&#8221; top_padding=&#8221;11%&#8221; bottom_padding=&#8221;8%&#8221; top_padding_phone=&#8221;6vh&#8221; bottom_padding_phone=&#8221;6vh&#8221; text_color=&#8221;custom&#8221; text_align=&#8221;left&#8221; row_border_radius=&#8221;none&#8221; row_border_radius_applies=&#8221;bg&#8221; overflow=&#8221;visible&#8221; overlay_strength=&#8221;0.3&#8243; gradient_direction=&#8221;left_to_right&#8221; enable_shape_divider=&#8221;true&#8221; shape_divider_position=&#8221;bottom&#8221; shape_divider_height=&#8221;33%&#8221; bg_image_animation=&#8221;none&#8221; shape_type=&#8221;straight_section&#8221;...","og_url":"https:\/\/plynovevyvijacepary.sk\/hr\/kolacici\/","og_site_name":"Plynov\u00e9 vyv\u00edja\u010de pary VEIT | GHIDINI | ANFRA | ALBA | STIGEN | COMEL","article_modified_time":"2025-12-09T10:32:12+00:00","twitter_card":"summary_large_image","twitter_misc":{"Procijenjeno vrijeme \u010ditanja":"9 minuta"},"schema":{"@context":"https:\/\/schema.org","@graph":[{"@type":"WebPage","@id":"https:\/\/plynovevyvijacepary.sk\/hr\/kolacici\/","url":"https:\/\/plynovevyvijacepary.sk\/hr\/kolacici\/","name":"Kola\u010di\u0107i | Plinski generatori pare | T KONFEX","isPartOf":{"@id":"https:\/\/plynovevyvijacepary.sk\/hr\/#website"},"datePublished":"2024-02-06T15:29:16+00:00","dateModified":"2025-12-09T10:32:12+00:00","breadcrumb":{"@id":"https:\/\/plynovevyvijacepary.sk\/hr\/kolacici\/#breadcrumb"},"inLanguage":"hr","potentialAction":[{"@type":"ReadAction","target":["https:\/\/plynovevyvijacepary.sk\/hr\/kolacici\/"]}]},{"@type":"BreadcrumbList","@id":"https:\/\/plynovevyvijacepary.sk\/hr\/kolacici\/#breadcrumb","itemListElement":[{"@type":"ListItem","position":1,"name":"Domovsk\u00e1 str\u00e1nka","item":"https:\/\/plynovevyvijacepary.sk\/hr\/uvod\/"},{"@type":"ListItem","position":2,"name":"Kola\u010di\u0107i"}]},{"@type":"WebSite","@id":"https:\/\/plynovevyvijacepary.sk\/hr\/#website","url":"https:\/\/plynovevyvijacepary.sk\/hr\/","name":"Plynov\u00e9 vyv\u00edja\u010de pary VEIT | GHIDINI | ANFRA | ALBA | STIGEN | COMEL","description":"","potentialAction":[{"@type":"SearchAction","target":{"@type":"EntryPoint","urlTemplate":"https:\/\/plynovevyvijacepary.sk\/hr\/?s={search_term_string}"},"query-input":"required name=search_term_string"}],"inLanguage":"hr"}]}},"_links":{"self":[{"href":"https:\/\/plynovevyvijacepary.sk\/hr\/wp-json\/wp\/v2\/pages\/861","targetHints":{"allow":["GET"]}}],"collection":[{"href":"https:\/\/plynovevyvijacepary.sk\/hr\/wp-json\/wp\/v2\/pages"}],"about":[{"href":"https:\/\/plynovevyvijacepary.sk\/hr\/wp-json\/wp\/v2\/types\/page"}],"author":[{"embeddable":true,"href":"https:\/\/plynovevyvijacepary.sk\/hr\/wp-json\/wp\/v2\/users\/1"}],"replies":[{"embeddable":true,"href":"https:\/\/plynovevyvijacepary.sk\/hr\/wp-json\/wp\/v2\/comments?post=861"}],"version-history":[{"count":1,"href":"https:\/\/plynovevyvijacepary.sk\/hr\/wp-json\/wp\/v2\/pages\/861\/revisions"}],"predecessor-version":[{"id":864,"href":"https:\/\/plynovevyvijacepary.sk\/hr\/wp-json\/wp\/v2\/pages\/861\/revisions\/864"}],"wp:attachment":[{"href":"https:\/\/plynovevyvijacepary.sk\/hr\/wp-json\/wp\/v2\/media?parent=861"}],"curies":[{"name":"wp","href":"https:\/\/api.w.org\/{rel}","templated":true}]}}