{"id":970,"date":"2024-02-06T16:29:16","date_gmt":"2024-02-06T15:29:16","guid":{"rendered":"https:\/\/plynovevyvijacepary.sk\/cookies\/"},"modified":"2025-12-09T11:32:31","modified_gmt":"2025-12-09T10:32:31","slug":"cookies","status":"publish","type":"page","link":"https:\/\/plynovevyvijacepary.sk\/de\/cookies\/","title":{"rendered":"Cookies"},"content":{"rendered":"[vc_row type=&#8220;full_width_background&#8220; full_screen_row_position=&#8220;middle&#8220; column_margin=&#8220;none&#8220; column_direction=&#8220;default&#8220; column_direction_tablet=&#8220;default&#8220; column_direction_phone=&#8220;default&#8220; bg_color=&#8220;#001d3a&#8220; animated_gradient_bg=&#8220;true&#8220; animated_gradient_bg_color_1=&#8220;#000000&#8243; animated_gradient_bg_color_2=&#8220;#2c3c51&#8243; animated_gradient_bg_speed=&#8220;1300&#8243; animated_gradient_bg_blending_mode=&#8220;organic&#8220; scene_position=&#8220;center&#8220; top_padding=&#8220;11%&#8220; bottom_padding=&#8220;8%&#8220; top_padding_phone=&#8220;6vh&#8220; bottom_padding_phone=&#8220;6vh&#8220; text_color=&#8220;custom&#8220; text_align=&#8220;left&#8220; row_border_radius=&#8220;none&#8220; row_border_radius_applies=&#8220;bg&#8220; overflow=&#8220;visible&#8220; overlay_strength=&#8220;0.3&#8243; gradient_direction=&#8220;left_to_right&#8220; enable_shape_divider=&#8220;true&#8220; shape_divider_position=&#8220;bottom&#8220; shape_divider_height=&#8220;33%&#8220; bg_image_animation=&#8220;none&#8220; shape_type=&#8220;straight_section&#8220; gradient_type=&#8220;default&#8220;][vc_column column_padding=&#8220;no-extra-padding&#8220; column_padding_tablet=&#8220;inherit&#8220; column_padding_phone=&#8220;inherit&#8220; column_padding_position=&#8220;top-bottom&#8220; column_element_direction_desktop=&#8220;default&#8220; column_element_spacing=&#8220;0px&#8220; desktop_text_alignment=&#8220;default&#8220; tablet_text_alignment=&#8220;default&#8220; phone_text_alignment=&#8220;default&#8220; background_color_opacity=&#8220;1&#8243; background_hover_color_opacity=&#8220;1&#8243; column_backdrop_filter=&#8220;none&#8220; column_shadow=&#8220;none&#8220; column_border_radius=&#8220;none&#8220; column_link_target=&#8220;_self&#8220; column_position=&#8220;default&#8220; gradient_direction=&#8220;radial&#8220; overlay_strength=&#8220;0.3&#8243; width=&#8220;1\/1&#8243; tablet_width_inherit=&#8220;default&#8220; animation_type=&#8220;default&#8220; bg_image_animation=&#8220;none&#8220; border_type=&#8220;simple&#8220; column_border_width=&#8220;none&#8220; column_border_style=&#8220;solid&#8220;][vc_row_inner column_margin=&#8220;default&#8220; column_direction=&#8220;default&#8220; column_direction_tablet=&#8220;default&#8220; column_direction_phone=&#8220;default&#8220; bottom_padding=&#8220;35&#8243; constrain_group_2=&#8220;yes&#8220; text_align=&#8220;left&#8220; row_position=&#8220;default&#8220; row_position_tablet=&#8220;inherit&#8220; row_position_phone=&#8220;inherit&#8220; overflow=&#8220;visible&#8220; pointer_events=&#8220;all&#8220;][vc_column_inner column_padding=&#8220;no-extra-padding&#8220; column_padding_tablet=&#8220;inherit&#8220; column_padding_phone=&#8220;inherit&#8220; column_padding_position=&#8220;all&#8220; column_element_direction_desktop=&#8220;default&#8220; column_element_spacing=&#8220;0px&#8220; centered_text=&#8220;true&#8220; desktop_text_alignment=&#8220;default&#8220; tablet_text_alignment=&#8220;default&#8220; phone_text_alignment=&#8220;default&#8220; background_color_opacity=&#8220;1&#8243; background_hover_color_opacity=&#8220;1&#8243; column_backdrop_filter=&#8220;none&#8220; column_shadow=&#8220;none&#8220; column_border_radius=&#8220;none&#8220; column_link_target=&#8220;_self&#8220; overflow=&#8220;visible&#8220; gradient_direction=&#8220;left_to_right&#8220; overlay_strength=&#8220;0.3&#8243; width=&#8220;1\/1&#8243; tablet_width_inherit=&#8220;default&#8220; animation_type=&#8220;default&#8220; bg_image_animation=&#8220;none&#8220; border_type=&#8220;simple&#8220; column_border_width=&#8220;none&#8220; column_border_style=&#8220;solid&#8220;][split_line_heading animation_type=&#8220;line-reveal-by-space&#8220; font_style=&#8220;h1&#8243; text_color=&#8220;#ffffff&#8220; line_reveal_by_space_text_effect=&#8220;default&#8220; content_alignment=&#8220;default&#8220; mobile_content_alignment=&#8220;inherit&#8220; link_target=&#8220;_self&#8220; text_content=&#8220;KUCHEN-SETS&#8220; text_direction=&#8220;default&#8220; font_size=&#8220;8vh&#8220;][\/split_line_heading][\/vc_column_inner][\/vc_row_inner][vc_row_inner column_margin=&#8220;default&#8220; column_direction=&#8220;default&#8220; column_direction_tablet=&#8220;default&#8220; column_direction_phone=&#8220;default&#8220; text_align=&#8220;left&#8220; row_position=&#8220;default&#8220; row_position_tablet=&#8220;inherit&#8220; row_position_phone=&#8220;inherit&#8220; overflow=&#8220;visible&#8220; pointer_events=&#8220;all&#8220;][vc_column_inner column_padding=&#8220;padding-2-percent&#8220; column_padding_tablet=&#8220;inherit&#8220; column_padding_phone=&#8220;inherit&#8220; column_padding_position=&#8220;all&#8220; column_element_direction_desktop=&#8220;default&#8220; column_element_spacing=&#8220;0px&#8220; desktop_text_alignment=&#8220;default&#8220; tablet_text_alignment=&#8220;default&#8220; phone_text_alignment=&#8220;default&#8220; background_color_opacity=&#8220;1&#8243; background_hover_color_opacity=&#8220;1&#8243; background_image=&#8220;497&#8243; background_image_position=&#8220;center center&#8220; background_image_stacking=&#8220;default&#8220; enable_bg_scale=&#8220;true&#8220; background_image_loading=&#8220;default&#8220; column_backdrop_filter=&#8220;none&#8220; column_shadow=&#8220;medium_depth&#8220; column_border_radius=&#8220;10px&#8220; column_link_target=&#8220;_self&#8220; overflow=&#8220;visible&#8220; gradient_direction=&#8220;left_to_right&#8220; overlay_strength=&#8220;0.3&#8243; width=&#8220;1\/1&#8243; tablet_width_inherit=&#8220;default&#8220; animation_type=&#8220;default&#8220; enable_animation=&#8220;true&#8220; animation=&#8220;fade-in-from-bottom&#8220; animation_easing=&#8220;default&#8220; bg_image_animation=&#8220;none&#8220; parallax_bg=&#8220;true&#8220; parallax_bg_speed=&#8220;fast&#8220; border_type=&#8220;simple&#8220; column_border_width=&#8220;none&#8220; column_border_style=&#8220;solid&#8220; column_padding_type=&#8220;default&#8220; gradient_type=&#8220;default&#8220;][divider line_type=&#8220;No Line&#8220; custom_height=&#8220;45vh&#8220; custom_height_tablet=&#8220;50vh&#8220; custom_height_phone=&#8220;40vh&#8220;][\/vc_column_inner][\/vc_row_inner][\/vc_column][\/vc_row][vc_row type=&#8220;full_width_background&#8220; full_screen_row_position=&#8220;middle&#8220; column_margin=&#8220;default&#8220; column_direction=&#8220;default&#8220; column_direction_tablet=&#8220;default&#8220; column_direction_phone=&#8220;default&#8220; scene_position=&#8220;center&#8220; bottom_padding=&#8220;5%&#8220; bottom_padding_phone=&#8220;5vh&#8220; text_color=&#8220;dark&#8220; text_align=&#8220;left&#8220; row_border_radius=&#8220;none&#8220; row_border_radius_applies=&#8220;bg&#8220; overflow=&#8220;visible&#8220; overlay_strength=&#8220;1&#8243; gradient_direction=&#8220;left_to_right&#8220; shape_divider_position=&#8220;bottom&#8220; bg_image_animation=&#8220;none&#8220; shape_type=&#8220;&#8220; gradient_type=&#8220;default&#8220;][vc_column column_padding=&#8220;no-extra-padding&#8220; column_padding_tablet=&#8220;inherit&#8220; column_padding_phone=&#8220;inherit&#8220; column_padding_position=&#8220;all&#8220; column_element_direction_desktop=&#8220;default&#8220; column_element_spacing=&#8220;default&#8220; desktop_text_alignment=&#8220;default&#8220; tablet_text_alignment=&#8220;default&#8220; phone_text_alignment=&#8220;left&#8220; background_color_opacity=&#8220;1&#8243; background_hover_color_opacity=&#8220;1&#8243; column_backdrop_filter=&#8220;none&#8220; column_shadow=&#8220;none&#8220; column_border_radius=&#8220;none&#8220; column_link_target=&#8220;_self&#8220; column_position=&#8220;default&#8220; gradient_direction=&#8220;left_to_right&#8220; overlay_strength=&#8220;0.3&#8243; width=&#8220;1\/1&#8243; tablet_width_inherit=&#8220;default&#8220; animation_type=&#8220;default&#8220; enable_animation=&#8220;true&#8220; animation=&#8220;fade-in-from-bottom&#8220; animation_easing=&#8220;default&#8220; bg_image_animation=&#8220;none&#8220; border_type=&#8220;simple&#8220; column_border_width=&#8220;none&#8220; column_border_style=&#8220;solid&#8220; column_padding_type=&#8220;default&#8220; gradient_type=&#8220;default&#8220;][vc_column_text text_direction=&#8220;default&#8220;]F\u00fcr die Verarbeitung personenbezogener Daten zum Zwecke der Verarbeitung von Cookies gelten die oben genannten allgemeinen Informationen zur Verarbeitung personenbezogener Daten sowie:<\/p>\n<p>1. die Zwecke der Verarbeitung personenbezogener Daten: zum Beispiel: Bereitstellung von Dienstleistungen, Personalisierung von Werbung, Verkehrsanalyse, Google Analytics (Google Ireland Limited, Gordon House, Barrow Street, Dublin 4, Irland). Cookies sind kleine Datenmengen, die Server an den Browser senden. Letzterer speichert sie auf dem Computer des Benutzers. Der Browser sendet diese Daten dann jedes Mal, wenn der Benutzer die Website besucht, an den Server zur\u00fcck.   <\/p>\n<p>2. Rechtsgrundlage f\u00fcr die Verarbeitung personenbezogener Daten: Artikel 6(1)(a) GDPR &#8211; die betroffene Person hat in die Verarbeitung ihrer personenbezogenen Daten f\u00fcr einen oder mehrere bestimmte Zwecke eingewilligt  <\/p>\n<p>3. Aufbewahrungsdauer personenbezogener Daten &#8211; Die auf unserer Website verwendeten Cookies lassen sich hinsichtlich ihrer Lebensdauer in zwei Grundtypen unterteilen. Kurzfristige &#8222;Sitzungscookies&#8220;, die nur vor\u00fcbergehend sind und nur so lange auf Ihrem Browser gespeichert bleiben, bis Sie Ihren Browser schlie\u00dfen, und langfristige &#8222;dauerhafte Cookies&#8220;, die f\u00fcr einen l\u00e4ngeren Zeitraum oder bis Sie sie manuell l\u00f6schen auf Ihrem Ger\u00e4t gespeichert bleiben, wobei die Dauer des Verbleibs des Cookies auf Ihrem Ger\u00e4t von der Einstellung des Cookies selbst und Ihren Browsereinstellungen abh\u00e4ngt.   <\/p>\n<p>4. Die Bereitstellung personenbezogener Daten ist notwendig, um den Zweck zu erreichen.<\/p>\n<p>Der f\u00fcr die Verarbeitung Verantwortliche verarbeitet die personenbezogenen Daten der betroffenen Personen in seinen Informationssystemen mit Hilfe automatisierter und nicht automatisierter Verfahren. Der f\u00fcr die Verarbeitung Verantwortliche gibt die verarbeiteten personenbezogenen Daten nicht weiter, es sei denn, dies ist durch eine spezifische gesetzliche Regelung oder durch eine Entscheidung eines Gerichts oder einer anderen \u00f6ffentlichen Beh\u00f6rde vorgeschrieben. Der f\u00fcr die Verarbeitung Verantwortliche wird Ihre personenbezogenen Daten nicht ohne Ihre ausdr\u00fcckliche Zustimmung oder eine andere rechtm\u00e4\u00dfige Rechtsgrundlage f\u00fcr einen anderen Zweck oder in einem gr\u00f6\u00dferen Umfang verarbeiten, als in diesen Informationen und in den Datenbl\u00e4ttern der einzelnen Informationssysteme des f\u00fcr die Verarbeitung Verantwortlichen angegeben ist.  <\/p>\n<p>Automatisierte individuelle Entscheidungsfindung, einschlie\u00dflich Profiling Cookies<\/p>\n<p>Der Betreiber verwendet zur \u00dcberwachung seiner Website ein Analysetool, das eine Datenkette zusammenstellt und verfolgt, wie Besucher die Website im Internet nutzen. Wenn jemand auf der Website surft, erzeugt das System Cookies, um Informationen \u00fcber den Besuch aufzuzeichnen (besuchte Seiten, Verweildauer auf unserer Website, Browsing-Daten, Verlassen der Website usw.), aber diese Daten d\u00fcrfen nicht mit der Person des Besuchers verkn\u00fcpft werden. Dieses Tool dient der Verbesserung der ergonomischen Gestaltung der Website, der Schaffung einer benutzerfreundlichen Website und der Verbesserung des Online-Erlebnisses der Besucher. Die meisten Internetbrowser akzeptieren Cookies, aber die Besucher haben die M\u00f6glichkeit, sie zu l\u00f6schen oder automatisch abzulehnen. Da jeder Browser anders ist, k\u00f6nnen Besucher ihre Cookie-Einstellungen \u00fcber die Symbolleiste des Browsers individuell festlegen. Wenn Sie sich daf\u00fcr entscheiden, keine Cookies zu akzeptieren, k\u00f6nnen Sie m\u00f6glicherweise einige Funktionen auf unserer Website nicht nutzen.     <\/p>\n<h4>Cookie-Typ Verwendung G\u00fcltigkeit der Cookies<\/h4>\n<p><strong>Streng notwendig\/unverzichtbar<\/strong><\/p>\n<ul>\n<li>f\u00fcr die wichtigsten Funktionen, die f\u00fcr die Website notwendig\/essentiell sind, damit die Website ordnungsgem\u00e4\u00df funktioniert<\/li>\n<li>merkt sich Ihren Benutzernamen, damit Sie sich bei Ihrem n\u00e4chsten Besuch der Website schnell anmelden k\u00f6nnen<\/li>\n<li>diese Cookies sammeln keine Informationen \u00fcber Sie, die f\u00fcr Marketingzwecke verwendet werden k\u00f6nnten<\/li>\n<li>G\u00fcltigkeit 1 Jahr<\/li>\n<\/ul>\n<p><strong>Funktional<\/strong><\/p>\n<ul>\n<li>sie werden verwendet, um den Service f\u00fcr den Benutzer zu verbessern, die Benutzeroberfl\u00e4che anzupassen<\/li>\n<li>Pr\u00e4ferenzinformationen werden entsprechend der Inhaltsauswahl aufgezeichnet<\/li>\n<li>Cookies k\u00f6nnen sich an Artikel erinnern, die Sie in den Warenkorb des E-Shops gelegt haben, oder an Fehler, die Sie gemacht haben.<\/li>\n<li>nach Verlassen der Website gel\u00f6scht<\/li>\n<\/ul>\n<p><strong>Performance-Cookies und Targeting-Cookies &#8211; analytische Cookies<\/strong><\/p>\n<ul>\n<li>Analysetools von Drittanbietern (Google Analytics) werden zur Verbesserung der Qualit\u00e4t verwendet<\/li>\n<li>Cookies zur Inhaltsanalyse f\u00fcr Besucher der Website<\/li>\n<li>statistische Daten gesammelt werden, wie z.B. die Anzahl der Besuche auf der Webseite und der Links zu unserer Seite sowie die Anzahl der Besuche<\/li>\n<li>helfen zu verstehen, wie sich Website-Besucher verhalten<\/li>\n<li>Cookies verbessern die Leistung der Website<\/li>\n<li>diese Cookies sammeln keine Informationen zur Feststellung Ihrer Identit\u00e4t<\/li>\n<li>sind anonym<\/li>\n<li>automatisch 2 Jahre nach dem letzten Besuch der Website gel\u00f6scht<\/li>\n<\/ul>\n<p><strong>Teilen auf &#8211; \u00fcber soziale Netzwerke<\/strong><\/p>\n<ul>\n<li>die Nutzung von Social-Media-Websites von Drittanbietern, die es Ihnen erm\u00f6glichen, Inhalte von unserer Website in sozialen Medien zu teilen,<\/li>\n<li>mit den Schaltfl\u00e4chen &#8222;Gef\u00e4llt mir&#8220; und &#8222;Teilen&#8220; aus dem letzten<\/li>\n<li>Cookies sind erforderlich, um die Nutzung ihrer Dienste zu erleichtern<\/li>\n<li>Daten \u00fcber Ihre Aktivit\u00e4ten im Internet und auf den Websites, die Sie nutzen, aufzeichnen<\/li>\n<li>automatisch 2 Jahre nach dem letzten Besuch der Website gel\u00f6scht<\/li>\n<\/ul>\n<p><strong>Qualit\u00e4tsanzeige<\/strong><\/p>\n<ul>\n<li>Integrierte Cookies, die die Leistung f\u00fcr schnelleres Laden verbessern<\/li>\n<li>Inhalt und Kompatibilit\u00e4t der Beihilfen<\/li>\n<li>nach dem Schlie\u00dfen des Browsers gel\u00f6scht<\/li>\n<\/ul>\n<p><strong>Der Eigent\u00fcmer der Seite gem\u00e4\u00df der Seiteneinstellung<\/strong><\/p>\n<ul>\n<li>k\u00f6nnen nur von der Website &#8222;gelesen&#8220; werden (Anzahl der Besucher der Website, woher sie kommen und welche Teile der Website sie besucht haben)<\/li>\n<li>1 Jahr<\/li>\n<\/ul>\n<p>Der Betreiber nutzt das Werbeprogramm Google AdWords, mit dem er Online-Anzeigen erstellen und Personen zu dem Zeitpunkt erreichen kann, zu dem sie sich f\u00fcr die Produkte und Dienstleistungen des Betreibers interessieren. Die Remarketing- oder Similararaudiences-Funktionen in AdWords erm\u00f6glichen es, Personen zu erreichen, die Ihre Website in der Vergangenheit besucht haben. Damit k\u00f6nnen Sie Anzeigen in der Suche, auf YouTube und in E-Mails schalten. Dynamisches Remarketing erm\u00f6glicht es Nutzern, Anzeigen f\u00fcr Produkte oder Dienstleistungen zu sehen, die sie sich in der Vergangenheit angesehen haben. Cookies, die Remarketing-Codes bereitstellen, k\u00f6nnen von Besuchern der Website deaktiviert werden, indem sie die entsprechenden Einstellungen im jeweiligen Browser vornehmen. Der Betreiber kann auch \u00fcber Facebook kontaktiert werden. Der Zweck der Datenverwaltung besteht darin, den Inhalt des Websitebetreibers und die Pr\u00e4sentation des Betreibers zu teilen. \u00dcber die Facebook-Seite k\u00f6nnen sich G\u00e4ste \u00fcber Neuigkeiten, aktuelle Sonderangebote des Betreibers informieren und auch Fotos von ausgew\u00e4hlten Auftr\u00e4gen des Betreibers ansehen. Indem Sie auf der Facebook-Seite des Betreibers auf &#8222;Gef\u00e4llt mir&#8220; klicken, erkl\u00e4ren sich die Personen damit einverstanden, dass der Betreiber seine Neuigkeiten und Angebote auf seiner Facebook-Pinnwand ver\u00f6ffentlicht. Der Betreiber ver\u00f6ffentlicht auch Fotos\/Videos von verschiedenen Veranstaltungen auf seiner Facebook-Seite.         <\/p>\n<p>Der f\u00fcr die Verarbeitung Verantwortliche ver\u00f6ffentlicht solche Daten nat\u00fcrlicher Personen nur, wenn zuvor deren schriftliche Zustimmung eingeholt wurde. Weitere Informationen zur Verwaltung der Daten der Facebook-Seite finden Sie in den Datenschutzrichtlinien und dem Leitfaden auf facebook.com. Zu Pr\u00e4sentationszwecken hat der Betreiber auch ein Profil auf dem sozialen Netzwerk Instagram, wo er Fotos von ausgew\u00e4hlten Bestellungen zusammen mit einer Beschreibung pr\u00e4sentiert. Indem Sie auf &#8222;folgen&#8220; klicken, stimmen Sie der Anzeige der vom Betreiber ver\u00f6ffentlichten Fotos zu.   [\/vc_column_text][\/vc_column][\/vc_row]\n","protected":false},"excerpt":{"rendered":"<p>[vc_row type=&#8220;full_width_background&#8220; full_screen_row_position=&#8220;middle&#8220; column_margin=&#8220;none&#8220; column_direction=&#8220;default&#8220; column_direction_tablet=&#8220;default&#8220; column_direction_phone=&#8220;default&#8220; bg_color=&#8220;#001d3a&#8220; animated_gradient_bg=&#8220;true&#8220; animated_gradient_bg_color_1=&#8220;#000000&#8243; animated_gradient_bg_color_2=&#8220;#2c3c51&#8243; animated_gradient_bg_speed=&#8220;1300&#8243; animated_gradient_bg_blending_mode=&#8220;organic&#8220; scene_position=&#8220;center&#8220; top_padding=&#8220;11%&#8220; bottom_padding=&#8220;8%&#8220; top_padding_phone=&#8220;6vh&#8220; bottom_padding_phone=&#8220;6vh&#8220; text_color=&#8220;custom&#8220; text_align=&#8220;left&#8220; row_border_radius=&#8220;none&#8220; row_border_radius_applies=&#8220;bg&#8220; overflow=&#8220;visible&#8220; overlay_strength=&#8220;0.3&#8243; gradient_direction=&#8220;left_to_right&#8220; enable_shape_divider=&#8220;true&#8220; shape_divider_position=&#8220;bottom&#8220; shape_divider_height=&#8220;33%&#8220; bg_image_animation=&#8220;none&#8220; shape_type=&#8220;straight_section&#8220;&#8230;<\/p>\n","protected":false},"author":1,"featured_media":0,"parent":0,"menu_order":0,"comment_status":"closed","ping_status":"closed","template":"","meta":{"footnotes":""},"class_list":["post-970","page","type-page","status-publish"],"yoast_head":"<!-- This site is optimized with the Yoast SEO Premium plugin v21.9 (Yoast SEO v22.1) - https:\/\/yoast.com\/wordpress\/plugins\/seo\/ -->\n<title>Kekse | Gasdampferzeuger | T KONFEX<\/title>\n<meta name=\"robots\" content=\"index, follow, max-snippet:-1, max-image-preview:large, max-video-preview:-1\" \/>\n<link rel=\"canonical\" href=\"https:\/\/plynovevyvijacepary.sk\/de\/cookies\/\" \/>\n<meta property=\"og:locale\" content=\"de_DE\" \/>\n<meta property=\"og:type\" content=\"article\" \/>\n<meta property=\"og:title\" content=\"Cookies\" \/>\n<meta property=\"og:description\" content=\"[vc_row type=&#8220;full_width_background&#8220; full_screen_row_position=&#8220;middle&#8220; column_margin=&#8220;none&#8220; column_direction=&#8220;default&#8220; column_direction_tablet=&#8220;default&#8220; column_direction_phone=&#8220;default&#8220; bg_color=&#8220;#001d3a&#8220; animated_gradient_bg=&#8220;true&#8220; animated_gradient_bg_color_1=&#8220;#000000&#8243; animated_gradient_bg_color_2=&#8220;#2c3c51&#8243; animated_gradient_bg_speed=&#8220;1300&#8243; animated_gradient_bg_blending_mode=&#8220;organic&#8220; scene_position=&#8220;center&#8220; top_padding=&#8220;11%&#8220; bottom_padding=&#8220;8%&#8220; top_padding_phone=&#8220;6vh&#8220; bottom_padding_phone=&#8220;6vh&#8220; text_color=&#8220;custom&#8220; text_align=&#8220;left&#8220; row_border_radius=&#8220;none&#8220; row_border_radius_applies=&#8220;bg&#8220; overflow=&#8220;visible&#8220; overlay_strength=&#8220;0.3&#8243; gradient_direction=&#8220;left_to_right&#8220; enable_shape_divider=&#8220;true&#8220; shape_divider_position=&#8220;bottom&#8220; shape_divider_height=&#8220;33%&#8220; bg_image_animation=&#8220;none&#8220; shape_type=&#8220;straight_section&#8220;...\" \/>\n<meta property=\"og:url\" content=\"https:\/\/plynovevyvijacepary.sk\/de\/cookies\/\" \/>\n<meta property=\"og:site_name\" content=\"Plynov\u00e9 vyv\u00edja\u010de pary VEIT | GHIDINI | ANFRA | ALBA | STIGEN | COMEL\" \/>\n<meta property=\"article:modified_time\" content=\"2025-12-09T10:32:31+00:00\" \/>\n<meta name=\"twitter:card\" content=\"summary_large_image\" \/>\n<meta name=\"twitter:label1\" content=\"Gesch\u00e4tzte Lesezeit\" \/>\n\t<meta name=\"twitter:data1\" content=\"9\u00a0Minuten\" \/>\n<script type=\"application\/ld+json\" class=\"yoast-schema-graph\">{\"@context\":\"https:\/\/schema.org\",\"@graph\":[{\"@type\":\"WebPage\",\"@id\":\"https:\/\/plynovevyvijacepary.sk\/de\/cookies\/\",\"url\":\"https:\/\/plynovevyvijacepary.sk\/de\/cookies\/\",\"name\":\"Kekse | Gasdampferzeuger | T KONFEX\",\"isPartOf\":{\"@id\":\"https:\/\/plynovevyvijacepary.sk\/de\/#website\"},\"datePublished\":\"2024-02-06T15:29:16+00:00\",\"dateModified\":\"2025-12-09T10:32:31+00:00\",\"breadcrumb\":{\"@id\":\"https:\/\/plynovevyvijacepary.sk\/de\/cookies\/#breadcrumb\"},\"inLanguage\":\"de\",\"potentialAction\":[{\"@type\":\"ReadAction\",\"target\":[\"https:\/\/plynovevyvijacepary.sk\/de\/cookies\/\"]}]},{\"@type\":\"BreadcrumbList\",\"@id\":\"https:\/\/plynovevyvijacepary.sk\/de\/cookies\/#breadcrumb\",\"itemListElement\":[{\"@type\":\"ListItem\",\"position\":1,\"name\":\"Domovsk\u00e1 str\u00e1nka\",\"item\":\"https:\/\/plynovevyvijacepary.sk\/de\/startseite\/\"},{\"@type\":\"ListItem\",\"position\":2,\"name\":\"Cookies\"}]},{\"@type\":\"WebSite\",\"@id\":\"https:\/\/plynovevyvijacepary.sk\/de\/#website\",\"url\":\"https:\/\/plynovevyvijacepary.sk\/de\/\",\"name\":\"Plynov\u00e9 vyv\u00edja\u010de pary VEIT | GHIDINI | ANFRA | ALBA | STIGEN | COMEL\",\"description\":\"\",\"potentialAction\":[{\"@type\":\"SearchAction\",\"target\":{\"@type\":\"EntryPoint\",\"urlTemplate\":\"https:\/\/plynovevyvijacepary.sk\/de\/?s={search_term_string}\"},\"query-input\":\"required name=search_term_string\"}],\"inLanguage\":\"de\"}]}<\/script>\n<!-- \/ Yoast SEO Premium plugin. -->","yoast_head_json":{"title":"Kekse | Gasdampferzeuger | T KONFEX","robots":{"index":"index","follow":"follow","max-snippet":"max-snippet:-1","max-image-preview":"max-image-preview:large","max-video-preview":"max-video-preview:-1"},"canonical":"https:\/\/plynovevyvijacepary.sk\/de\/cookies\/","og_locale":"de_DE","og_type":"article","og_title":"Cookies","og_description":"[vc_row type=&#8220;full_width_background&#8220; full_screen_row_position=&#8220;middle&#8220; column_margin=&#8220;none&#8220; column_direction=&#8220;default&#8220; column_direction_tablet=&#8220;default&#8220; column_direction_phone=&#8220;default&#8220; bg_color=&#8220;#001d3a&#8220; animated_gradient_bg=&#8220;true&#8220; animated_gradient_bg_color_1=&#8220;#000000&#8243; animated_gradient_bg_color_2=&#8220;#2c3c51&#8243; animated_gradient_bg_speed=&#8220;1300&#8243; animated_gradient_bg_blending_mode=&#8220;organic&#8220; scene_position=&#8220;center&#8220; top_padding=&#8220;11%&#8220; bottom_padding=&#8220;8%&#8220; top_padding_phone=&#8220;6vh&#8220; bottom_padding_phone=&#8220;6vh&#8220; text_color=&#8220;custom&#8220; text_align=&#8220;left&#8220; row_border_radius=&#8220;none&#8220; row_border_radius_applies=&#8220;bg&#8220; overflow=&#8220;visible&#8220; overlay_strength=&#8220;0.3&#8243; gradient_direction=&#8220;left_to_right&#8220; enable_shape_divider=&#8220;true&#8220; shape_divider_position=&#8220;bottom&#8220; shape_divider_height=&#8220;33%&#8220; bg_image_animation=&#8220;none&#8220; shape_type=&#8220;straight_section&#8220;...","og_url":"https:\/\/plynovevyvijacepary.sk\/de\/cookies\/","og_site_name":"Plynov\u00e9 vyv\u00edja\u010de pary VEIT | GHIDINI | ANFRA | ALBA | STIGEN | COMEL","article_modified_time":"2025-12-09T10:32:31+00:00","twitter_card":"summary_large_image","twitter_misc":{"Gesch\u00e4tzte Lesezeit":"9\u00a0Minuten"},"schema":{"@context":"https:\/\/schema.org","@graph":[{"@type":"WebPage","@id":"https:\/\/plynovevyvijacepary.sk\/de\/cookies\/","url":"https:\/\/plynovevyvijacepary.sk\/de\/cookies\/","name":"Kekse | Gasdampferzeuger | T KONFEX","isPartOf":{"@id":"https:\/\/plynovevyvijacepary.sk\/de\/#website"},"datePublished":"2024-02-06T15:29:16+00:00","dateModified":"2025-12-09T10:32:31+00:00","breadcrumb":{"@id":"https:\/\/plynovevyvijacepary.sk\/de\/cookies\/#breadcrumb"},"inLanguage":"de","potentialAction":[{"@type":"ReadAction","target":["https:\/\/plynovevyvijacepary.sk\/de\/cookies\/"]}]},{"@type":"BreadcrumbList","@id":"https:\/\/plynovevyvijacepary.sk\/de\/cookies\/#breadcrumb","itemListElement":[{"@type":"ListItem","position":1,"name":"Domovsk\u00e1 str\u00e1nka","item":"https:\/\/plynovevyvijacepary.sk\/de\/startseite\/"},{"@type":"ListItem","position":2,"name":"Cookies"}]},{"@type":"WebSite","@id":"https:\/\/plynovevyvijacepary.sk\/de\/#website","url":"https:\/\/plynovevyvijacepary.sk\/de\/","name":"Plynov\u00e9 vyv\u00edja\u010de pary VEIT | GHIDINI | ANFRA | ALBA | STIGEN | COMEL","description":"","potentialAction":[{"@type":"SearchAction","target":{"@type":"EntryPoint","urlTemplate":"https:\/\/plynovevyvijacepary.sk\/de\/?s={search_term_string}"},"query-input":"required name=search_term_string"}],"inLanguage":"de"}]}},"_links":{"self":[{"href":"https:\/\/plynovevyvijacepary.sk\/de\/wp-json\/wp\/v2\/pages\/970","targetHints":{"allow":["GET"]}}],"collection":[{"href":"https:\/\/plynovevyvijacepary.sk\/de\/wp-json\/wp\/v2\/pages"}],"about":[{"href":"https:\/\/plynovevyvijacepary.sk\/de\/wp-json\/wp\/v2\/types\/page"}],"author":[{"embeddable":true,"href":"https:\/\/plynovevyvijacepary.sk\/de\/wp-json\/wp\/v2\/users\/1"}],"replies":[{"embeddable":true,"href":"https:\/\/plynovevyvijacepary.sk\/de\/wp-json\/wp\/v2\/comments?post=970"}],"version-history":[{"count":1,"href":"https:\/\/plynovevyvijacepary.sk\/de\/wp-json\/wp\/v2\/pages\/970\/revisions"}],"predecessor-version":[{"id":973,"href":"https:\/\/plynovevyvijacepary.sk\/de\/wp-json\/wp\/v2\/pages\/970\/revisions\/973"}],"wp:attachment":[{"href":"https:\/\/plynovevyvijacepary.sk\/de\/wp-json\/wp\/v2\/media?parent=970"}],"curies":[{"name":"wp","href":"https:\/\/api.w.org\/{rel}","templated":true}]}}